{"id":15,"date":"2025-08-05T04:31:58","date_gmt":"2025-08-05T04:31:58","guid":{"rendered":"https:\/\/xstrings.net\/?page_id=15"},"modified":"2026-02-23T04:29:11","modified_gmt":"2026-02-23T04:29:11","slug":"homepage","status":"publish","type":"page","link":"https:\/\/xstrings.net\/","title":{"rendered":"Homepage"},"content":{"rendered":"\t<section class=\"section dark\" id=\"section_892348282\">\n\t\t<div class=\"bg section-bg fill bg-fill  \" >\n\n\t\t\t\n\t\t\t<div class=\"section-bg-overlay absolute fill\"><\/div>\n\t\t\t\n\t<div class=\"is-border\"\n\t\tstyle=\"border-width:0px 0px 0px 0px;\">\n\t<\/div>\n\n\t\t<\/div>\n\n\t\t\n\n\t\t<div class=\"section-content relative\">\n\t\t\t\n\t<div id=\"gap-1653994607\" class=\"gap-element clearfix\" style=\"display:block; height:auto;\">\n\t\t\n<style>\n#gap-1653994607 {\n  padding-top: 100px;\n}\n@media (min-width:550px) {\n  #gap-1653994607 {\n    padding-top: 150px;\n  }\n}\n<\/style>\n\t<\/div>\n\t\n<div class=\"row align-center\"  id=\"row-663487032\">\n\n\t<div id=\"col-2002077628\" class=\"col small-12 large-12\"  >\n\t\t\t\t<div class=\"col-inner text-center\"  >\n\t\t\t\n\t\t\t\n\t<div id=\"gap-1342081712\" class=\"gap-element clearfix\" style=\"display:block; height:auto;\">\n\t\t\n<style>\n#gap-1342081712 {\n  padding-top: 10px;\n}\n<\/style>\n\t<\/div>\n\t\n<a class=\"button white is-outline\"  style=\"border-radius:10px;padding:5px 30px 5px 30px;\">\n    <span>Shop now<\/span>\n  <\/a>\n\n\t\t<\/div>\n\t\t\t\t\t<\/div>\n\n\t\n<\/div>\n<div class=\"row row-collapse row-full-width\"  id=\"row-993218057\">\n\n<style>\n#row-993218057 > .col > .col-inner {\n  padding: 0px 0px 0px 0px;\n}\n<\/style>\n<\/div>\n\t\t<\/div>\n\n\t\t\n<style>\n#section_892348282 {\n  padding-top: 0px;\n  padding-bottom: 0px;\n  background-color: rgb(0,0,0);\n}\n#section_892348282 .section-bg-overlay {\n  background-color: rgba(0, 0, 0, 0.46);\n}\n#section_892348282 .section-bg.bg-loaded {\n  background-image: url(https:\/\/xstrings.net\/wp-content\/uploads\/2025\/08\/cung-cap-guitar-01-min-scaled-1.jpg);\n}\n#section_892348282 .section-bg {\n  background-position: 100% 70%;\n}\n#section_892348282 .ux-shape-divider--top svg {\n  height: 150px;\n  --divider-top-width: 100%;\n}\n#section_892348282 .ux-shape-divider--bottom svg {\n  height: 150px;\n  --divider-width: 100%;\n}\n<\/style>\n\t<\/section>\n\t\n\n\t<section class=\"section dark\" id=\"section_1097527576\">\n\t\t<div class=\"bg section-bg fill bg-fill  bg-loaded\" >\n\n\t\t\t\n\t\t\t\n\t\t\t\n\n\t\t<\/div>\n\n\t\t\n\n\t\t<div class=\"section-content relative\">\n\t\t\t\n<div class=\"row align-center\"  id=\"row-462379094\">\n\n\t<div id=\"col-1782696860\" class=\"col small-12 large-12\"  >\n\t\t\t\t<div class=\"col-inner text-center\"  >\n\t\t\t\n\t\t\t\n<div class=\"is-divider divider clearfix\" style=\"max-width:100%;\"><\/div>\n\t<div id=\"gap-1639942013\" class=\"gap-element clearfix\" style=\"display:block; height:auto;\">\n\t\t\n<style>\n#gap-1639942013 {\n  padding-top: 60px;\n}\n<\/style>\n\t<\/div>\n\t\n<h6>Best sellers<\/h6>\n<h2><span style=\"font-size: 120%\">Our favorites<\/span><\/h2>\n\t<div id=\"gap-1851899057\" class=\"gap-element clearfix\" style=\"display:block; height:auto;\">\n\t\t\n<style>\n#gap-1851899057 {\n  padding-top: 25px;\n}\n<\/style>\n\t<\/div>\n\t\n[ux_products style=&#8221;normal&#8221; type=&#8221;row&#8221; columns=&#8221;3&#8243; columns__md=&#8221;3&#8243; products=&#8221;6&#8243; image_height=&#8221;100%&#8221;]\n\t\t<\/div>\n\t\t\t\t\t<\/div>\n\n\t\n<\/div>\n\t\t<\/div>\n\n\t\t\n<style>\n#section_1097527576 {\n  padding-top: 0px;\n  padding-bottom: 0px;\n  background-color: rgb(34, 34, 34);\n}\n#section_1097527576 .ux-shape-divider--top svg {\n  height: 150px;\n  --divider-top-width: 100%;\n}\n#section_1097527576 .ux-shape-divider--bottom svg {\n  height: 150px;\n  --divider-width: 100%;\n}\n<\/style>\n\t<\/section>\n\t\n\t<section class=\"section dark\" id=\"section_111440115\">\n\t\t<div class=\"bg section-bg fill bg-fill  bg-loaded\" >\n\n\t\t\t\n\t\t\t\n\t\t\t\n\n\t\t<\/div>\n\n\t\t\n\n\t\t<div class=\"section-content relative\">\n\t\t\t\n<div class=\"container section-title-container\" ><h3 class=\"section-title section-title-center\"><b><\/b><span class=\"section-title-main\" >c\u00e1c d\u1ecbch v\u1ee5 ch\u00ednh - main service<\/span><b><\/b><\/h3><\/div>\n<div class=\"row row-small align-center\"  id=\"row-1493659769\">\n\n\t<div id=\"col-2081060383\" class=\"col medium-6 small-12 large-6\"  >\n\t\t\t\t<div class=\"col-inner\"  >\n\t\t\t\n\t\t\t\n\t<div class=\"box has-hover   has-hover box-shade dark box-text-bottom\" >\n\n\t\t<div class=\"box-image\" >\n\t\t\t\t\t\t<div class=\"image-overlay-add image-cover\" style=\"padding-top:100%;\">\n\t\t\t\t<img loading=\"lazy\" decoding=\"async\" width=\"1440\" height=\"905\" src=\"https:\/\/xstrings.net\/wp-content\/uploads\/2025\/08\/shop-guitar-hai-phong-2-xstrings.jpg\" class=\"attachment- size-\" alt=\"\" srcset=\"https:\/\/xstrings.net\/wp-content\/uploads\/2025\/08\/shop-guitar-hai-phong-2-xstrings.jpg 1440w, https:\/\/xstrings.net\/wp-content\/uploads\/2025\/08\/shop-guitar-hai-phong-2-xstrings-300x189.jpg 300w, https:\/\/xstrings.net\/wp-content\/uploads\/2025\/08\/shop-guitar-hai-phong-2-xstrings-1024x644.jpg 1024w, https:\/\/xstrings.net\/wp-content\/uploads\/2025\/08\/shop-guitar-hai-phong-2-xstrings-768x483.jpg 768w\" sizes=\"auto, (max-width: 1440px) 100vw, 1440px\" \/>\t\t\t\t<div class=\"overlay\" style=\"background-color:rgba(159, 155, 155, 0.02)\"><\/div>\t\t\t\t<div class=\"shade\"><\/div>\t\t\t<\/div>\n\t\t\t\t\t<\/div>\n\n\t\t<div class=\"box-text text-center\" >\n\t\t\t<div class=\"box-text-inner\">\n\t\t\t\t\n<h4><span style=\"font-size: 200%;\">Mua b\u00e1n &#8211; K\u00fd g\u1eedi<\/span><\/h4>\n<p>\u0110\u00e0n guitar v\u00e0 c\u00e1c lo\u1ea1i nh\u1ea1c c\u1ee5<\/p>\n<a class=\"button white\"  style=\"border-radius:10px;padding:5px 30px 5px 30px;\">\n    <span>Shop now<\/span>\n  <\/a>\n\n\t\t\t<\/div>\n\t\t<\/div>\n\t<\/div>\n\t\n\t\t<\/div>\n\t\t\t\t\t<\/div>\n\n\t\n\n\t<div id=\"col-1747748554\" class=\"col medium-6 small-12 large-6\"  >\n\t\t\t\t<div class=\"col-inner\"  >\n\t\t\t\n\t\t\t\n\t<div class=\"box has-hover   has-hover box-shade dark box-text-bottom\" >\n\n\t\t<div class=\"box-image\" >\n\t\t\t\t\t\t<div class=\"image-cover\" style=\"padding-top:100%;\">\n\t\t\t\t<img loading=\"lazy\" decoding=\"async\" width=\"800\" height=\"745\" src=\"https:\/\/xstrings.net\/wp-content\/uploads\/2026\/02\/dan-am-thanh-cho-thue-500-600-khach.jpg\" class=\"attachment- size-\" alt=\"\" srcset=\"https:\/\/xstrings.net\/wp-content\/uploads\/2026\/02\/dan-am-thanh-cho-thue-500-600-khach.jpg 800w, https:\/\/xstrings.net\/wp-content\/uploads\/2026\/02\/dan-am-thanh-cho-thue-500-600-khach-300x279.jpg 300w, https:\/\/xstrings.net\/wp-content\/uploads\/2026\/02\/dan-am-thanh-cho-thue-500-600-khach-768x715.jpg 768w\" sizes=\"auto, (max-width: 800px) 100vw, 800px\" \/>\t\t\t\t<div class=\"overlay\" style=\"background-color:rgba(0, 0, 0, 0.02)\"><\/div>\t\t\t\t<div class=\"shade\"><\/div>\t\t\t<\/div>\n\t\t\t\t\t<\/div>\n\n\t\t<div class=\"box-text text-center\" >\n\t\t\t<div class=\"box-text-inner\">\n\t\t\t\t\n<h4><span style=\"font-size: 200%;\">Cho thu\u00ea \u00e2m thanh<\/span><\/h4>\n<p>Chuy\u00ean \u00e2m thanh ti\u1ec7c b\u00e0n, qu\u00e1n coffe<\/p>\n<a class=\"button white\"  style=\"border-radius:10px;padding:5px 30px 5px 30px;\">\n    <span>Shop now<\/span>\n  <\/a>\n\n\t\t\t<\/div>\n\t\t<\/div>\n\t<\/div>\n\t\n\t\t<\/div>\n\t\t\t\t\t<\/div>\n\n\t\n\n\t<div id=\"col-1185895522\" class=\"col medium-6 small-12 large-6\"  >\n\t\t\t\t<div class=\"col-inner\"  >\n\t\t\t\n\t\t\t\n\t<div class=\"box has-hover   has-hover box-shade dark box-text-bottom\" >\n\n\t\t<div class=\"box-image\" >\n\t\t\t\t\t\t<div class=\"image-cover\" style=\"padding-top:100%;\">\n\t\t\t\t<img loading=\"lazy\" decoding=\"async\" width=\"640\" height=\"960\" src=\"https:\/\/xstrings.net\/wp-content\/uploads\/2025\/08\/oliver-sjostrom-j-oRbx-0aNA-unsplash.jpg\" class=\"attachment- size-\" alt=\"\" srcset=\"https:\/\/xstrings.net\/wp-content\/uploads\/2025\/08\/oliver-sjostrom-j-oRbx-0aNA-unsplash.jpg 640w, https:\/\/xstrings.net\/wp-content\/uploads\/2025\/08\/oliver-sjostrom-j-oRbx-0aNA-unsplash-200x300.jpg 200w\" sizes=\"auto, (max-width: 640px) 100vw, 640px\" \/>\t\t\t\t<div class=\"overlay\" style=\"background-color:rgba(0, 0, 0, 0.02)\"><\/div>\t\t\t\t<div class=\"shade\"><\/div>\t\t\t<\/div>\n\t\t\t\t\t<\/div>\n\n\t\t<div class=\"box-text text-center\" >\n\t\t\t<div class=\"box-text-inner\">\n\t\t\t\t\n<h4><span style=\"font-size: 200%;\">Tuy\u1ec3n sinh &#8211; kh\u00f3a h\u1ecdc nh\u1ea1c c\u1ee5 <\/span><\/h4>\n<p>C\u00e1c kh\u00f3a h\u1ecdc t\u1eeb c\u01a1 b\u1ea3n \u0111\u1ebfn n\u00e2ng cao c\u00e1c lo\u1ea1i nh\u1ea1c c\u1ee5<\/p>\n<a class=\"button white\"  style=\"border-radius:10px;padding:5px 30px 5px 30px;\">\n    <span>Shop now<\/span>\n  <\/a>\n\n\t\t\t<\/div>\n\t\t<\/div>\n\t<\/div>\n\t\n\t\t<\/div>\n\t\t\t\t\t<\/div>\n\n\t\n\n\t<div id=\"col-1662793641\" class=\"col medium-6 small-12 large-6\"  >\n\t\t\t\t<div class=\"col-inner\"  >\n\t\t\t\n\t\t\t\n\t<div class=\"box has-hover   has-hover box-shade dark box-text-bottom\" >\n\n\t\t<div class=\"box-image\" >\n\t\t\t\t\t\t<div class=\"image-cover\" style=\"padding-top:100%;\">\n\t\t\t\t<img loading=\"lazy\" decoding=\"async\" width=\"640\" height=\"960\" src=\"https:\/\/xstrings.net\/wp-content\/uploads\/2025\/08\/oliver-sjostrom-j-oRbx-0aNA-unsplash.jpg\" class=\"attachment- size-\" alt=\"\" srcset=\"https:\/\/xstrings.net\/wp-content\/uploads\/2025\/08\/oliver-sjostrom-j-oRbx-0aNA-unsplash.jpg 640w, https:\/\/xstrings.net\/wp-content\/uploads\/2025\/08\/oliver-sjostrom-j-oRbx-0aNA-unsplash-200x300.jpg 200w\" sizes=\"auto, (max-width: 640px) 100vw, 640px\" \/>\t\t\t\t<div class=\"overlay\" style=\"background-color:rgba(0, 0, 0, 0.02)\"><\/div>\t\t\t\t<div class=\"shade\"><\/div>\t\t\t<\/div>\n\t\t\t\t\t<\/div>\n\n\t\t<div class=\"box-text text-center\" >\n\t\t\t<div class=\"box-text-inner\">\n\t\t\t\t\n<h4><span style=\"font-size: 200%;\">B\u1ea3o d\u01b0\u1ee1ng &#8211; S\u1eeda ch\u1eefa nh\u1ea1c c\u1ee5<\/span><\/h4>\n<p>Morbi malesuada consequat eros ac finibus.<\/p>\n<a class=\"button white\"  style=\"border-radius:10px;padding:5px 30px 5px 30px;\">\n    <span>Shop now<\/span>\n  <\/a>\n\n\t\t\t<\/div>\n\t\t<\/div>\n\t<\/div>\n\t\n\t\t<\/div>\n\t\t\t\t\t<\/div>\n\n\t\n<\/div>\n\t\t<\/div>\n\n\t\t\n<style>\n#section_111440115 {\n  padding-top: 0px;\n  padding-bottom: 0px;\n  background-color: rgb(34, 34, 34);\n}\n#section_111440115 .ux-shape-divider--top svg {\n  height: 150px;\n  --divider-top-width: 100%;\n}\n#section_111440115 .ux-shape-divider--bottom svg {\n  height: 150px;\n  --divider-width: 100%;\n}\n<\/style>\n\t<\/section>\n\t\n\t<section class=\"section dark\" id=\"section_411062572\">\n\t\t<div class=\"bg section-bg fill bg-fill  bg-loaded\" >\n\n\t\t\t\n\t\t\t\n\t\t\t\n\n\t\t<\/div>\n\n\t\t\n\n\t\t<div class=\"section-content relative\">\n\t\t\t\n<div class=\"row row-large align-center\"  id=\"row-2046544450\">\n\n\t<div id=\"col-2144956897\" class=\"col small-12 large-12\"  >\n\t\t\t\t<div class=\"col-inner text-center\"  >\n\t\t\t\n\t\t\t\n<div class=\"is-divider divider clearfix\" style=\"max-width:100%;\"><\/div>\n\t<div id=\"gap-1255988789\" class=\"gap-element clearfix\" style=\"display:block; height:auto;\">\n\t\t\n<style>\n#gap-1255988789 {\n  padding-top: 80px;\n}\n<\/style>\n\t<\/div>\n\t\n<h6>The experiences<\/h6>\n<h2><span style=\"font-size: 120%\">What People say<\/span><\/h2>\n\t\t<\/div>\n\t\t\t\t\t<\/div>\n\n\t\n\n\t<div id=\"col-611724289\" class=\"col medium-4 small-12 large-4\"  >\n\t\t\t\t<div class=\"col-inner text-center\"  >\n\t\t\t\n\t\t\t\n<div class=\"text-center\"><div class=\"is-divider divider clearfix\" style=\"max-width:45%;background-color:rgb(187, 148, 93);\"><\/div><\/div>\n<p>Lorem ipsum dolor sit amet, consectetuer adipiscing elit, sed diam nonummy nibh euismod tincidunt ut laoreet dolore magna aliquam erat volutpat!<\/p>\n<h4>John Smith<\/h4>\n<h6>United kingdom<\/h6>\n\t\t<\/div>\n\t\t\t\t\t<\/div>\n\n\t\n\n\t<div id=\"col-1313377278\" class=\"col medium-4 small-12 large-4\"  >\n\t\t\t\t<div class=\"col-inner text-center\"  >\n\t\t\t\n\t\t\t\n<div class=\"text-center\"><div class=\"is-divider divider clearfix\" style=\"max-width:45%;background-color:rgb(187, 148, 93);\"><\/div><\/div>\n<p>Lorem ipsum dolor sit amet, consectetuer adipiscing elit, sed diam nonummy nibh euismod tincidunt ut laoreet dolore magna aliquam erat volutpat!<\/p>\n<h4>Jessica Golden<\/h4>\n<h6>Sweden<\/h6>\n\t\t<\/div>\n\t\t\t\t\t<\/div>\n\n\t\n\n\t<div id=\"col-661257757\" class=\"col medium-4 small-12 large-4\"  >\n\t\t\t\t<div class=\"col-inner text-center\"  >\n\t\t\t\n\t\t\t\n<div class=\"text-center\"><div class=\"is-divider divider clearfix\" style=\"max-width:45%;background-color:rgb(187, 148, 93);\"><\/div><\/div>\n<p>Lorem ipsum dolor sit amet, consectetuer adipiscing elit, sed diam nonummy nibh euismod tincidunt ut laoreet dolore magna aliquam erat volutpat!<\/p>\n<h4>Carl Schenger<\/h4>\n<h6>Germany<\/h6>\n\t\t<\/div>\n\t\t\t\t\t<\/div>\n\n\t\n<\/div>\n\t\t<\/div>\n\n\t\t\n<style>\n#section_411062572 {\n  padding-top: 80px;\n  padding-bottom: 80px;\n  background-color: rgb(34, 34, 34);\n}\n#section_411062572 .ux-shape-divider--top svg {\n  height: 150px;\n  --divider-top-width: 100%;\n}\n#section_411062572 .ux-shape-divider--bottom svg {\n  height: 150px;\n  --divider-width: 100%;\n}\n<\/style>\n\t<\/section>\n\t\n\t<section class=\"section dark\" id=\"section_2064839905\">\n\t\t<div class=\"bg section-bg fill bg-fill  bg-loaded\" >\n\n\t\t\t\n\t\t\t\n\t\t\t\n\n\t\t<\/div>\n\n\t\t\n\n\t\t<div class=\"section-content relative\">\n\t\t\t\n<div class=\"row row-large align-center\"  id=\"row-989755227\">\n\n\t<div id=\"col-93400220\" class=\"col small-12 large-12\"  >\n\t\t\t\t<div class=\"col-inner text-center\"  >\n\t\t\t\n\t\t\t\n\n\n<div class=\"is-divider divider clearfix\" style=\"max-width:100%;\"><\/div>\n\t<div id=\"gap-1611999751\" class=\"gap-element clearfix\" style=\"display:block; height:auto;\">\n\t\t\n<style>\n#gap-1611999751 {\n  padding-top: 80px;\n}\n<\/style>\n\t<\/div>\n\t\n<h6>Latest new<\/h6>\n<h2><span style=\"font-size: 120%\">Our blog<\/span><\/h2>\n\t\t<\/div>\n\t\t\t\t\t<\/div>\n\n\t\n\n\t<div id=\"col-1802714957\" class=\"col small-12 large-12\"  >\n\t\t\t\t<div class=\"col-inner\"  >\n\t\t\t\n\t\t\t\n\n  \n    <div class=\"row large-columns-3 medium-columns-1 small-columns-1\">\n  <\/div>\n\t\t<\/div>\n\t\t\t\t\t<\/div>\n\n\t\n<\/div>\n\t\t<\/div>\n\n\t\t\n<style>\n#section_2064839905 {\n  padding-top: 20px;\n  padding-bottom: 20px;\n  background-color: rgb(34, 34, 34);\n}\n#section_2064839905 .ux-shape-divider--top svg {\n  height: 150px;\n  --divider-top-width: 100%;\n}\n#section_2064839905 .ux-shape-divider--bottom svg {\n  height: 150px;\n  --divider-width: 100%;\n}\n@media (min-width:550px) {\n  #section_2064839905 {\n    padding-top: 0px;\n    padding-bottom: 0px;\n  }\n}\n<\/style>\n\t<\/section>\n\t\n\t<section class=\"section dark\" id=\"section_757670757\">\n\t\t<div class=\"bg section-bg fill bg-fill  \" >\n\n\t\t\t\n\t\t\t<div class=\"section-bg-overlay absolute fill\"><\/div>\n\t\t\t\n\n\t\t<\/div>\n\n\t\t\n\n\t\t<div class=\"section-content relative\">\n\t\t\t\n<div class=\"row align-center\"  id=\"row-1363478910\">\n\n\t<div id=\"col-1153200609\" class=\"col medium-10 small-12 large-6\"  >\n\t\t\t\t<div class=\"col-inner text-center\"  >\n\t\t\t\n\t\t\t\n<h3><span style=\"font-size: 200%;\">Get the latest deals<\/span><\/h3>\n<p>Subscribe to our newsletter<\/p>\n[contact-form-7 id=&#8221;15248&#8243;]\n\t\t<\/div>\n\t\t\t\t\t<\/div>\n\n\t\n<\/div>\n\t\t<\/div>\n\n\t\t\n<style>\n#section_757670757 {\n  padding-top: 100px;\n  padding-bottom: 100px;\n  background-color: rgb(34, 34, 34);\n}\n#section_757670757 .section-bg-overlay {\n  background-color: rgba(0, 0, 0, 0.21);\n}\n#section_757670757 .section-bg.bg-loaded {\n  background-image: url(https:\/\/xstrings.net\/wp-content\/uploads\/2025\/08\/gabriel-jimenez-6TPgWlwcGVc-unsplash.jpg);\n}\n#section_757670757 .section-bg {\n  background-position: 73% 26%;\n}\n#section_757670757 .ux-shape-divider--top svg {\n  height: 150px;\n  --divider-top-width: 100%;\n}\n#section_757670757 .ux-shape-divider--bottom svg {\n  height: 150px;\n  --divider-width: 100%;\n}\n@media (min-width:850px) {\n  #section_757670757 {\n    padding-top: 150px;\n    padding-bottom: 150px;\n  }\n}\n<\/style>\n\t<\/section>\n\t\n","protected":false},"excerpt":{"rendered":"","protected":false},"author":1,"featured_media":0,"parent":0,"menu_order":0,"comment_status":"closed","ping_status":"closed","template":"page-blank.php","meta":{"footnotes":""},"class_list":["post-15","page","type-page","status-publish","hentry"],"_links":{"self":[{"href":"https:\/\/xstrings.net\/index.php\/wp-json\/wp\/v2\/pages\/15","targetHints":{"allow":["GET"]}}],"collection":[{"href":"https:\/\/xstrings.net\/index.php\/wp-json\/wp\/v2\/pages"}],"about":[{"href":"https:\/\/xstrings.net\/index.php\/wp-json\/wp\/v2\/types\/page"}],"author":[{"embeddable":true,"href":"https:\/\/xstrings.net\/index.php\/wp-json\/wp\/v2\/users\/1"}],"replies":[{"embeddable":true,"href":"https:\/\/xstrings.net\/index.php\/wp-json\/wp\/v2\/comments?post=15"}],"version-history":[{"count":15,"href":"https:\/\/xstrings.net\/index.php\/wp-json\/wp\/v2\/pages\/15\/revisions"}],"predecessor-version":[{"id":64,"href":"https:\/\/xstrings.net\/index.php\/wp-json\/wp\/v2\/pages\/15\/revisions\/64"}],"wp:attachment":[{"href":"https:\/\/xstrings.net\/index.php\/wp-json\/wp\/v2\/media?parent=15"}],"curies":[{"name":"wp","href":"https:\/\/api.w.org\/{rel}","templated":true}]}}